{"id":34,"date":"2025-09-13T15:25:11","date_gmt":"2025-09-13T15:25:11","guid":{"rendered":"https:\/\/www.egemtatilevleri.com\/?page_id=34"},"modified":"2025-09-17T14:30:59","modified_gmt":"2025-09-17T14:30:59","slug":"iletisim","status":"publish","type":"page","link":"https:\/\/www.egemtatilevleri.com\/index.php\/iletisim\/","title":{"rendered":"\u0130leti\u015fim"},"content":{"rendered":"\n<iframe src=\"https:\/\/www.google.com\/maps\/embed?pb=!1m18!1m12!1m3!1d3197.0116351402926!2d28.9897699!3d36.7462918!2m3!1f0!2f0!3f0!3m2!1i1024!2i768!4f13.1!3m3!1m2!1s0x14c06776836f1823%3A0x3df20bb7dbc33e86!2sEgem%20Tatil%20Evleri!5e0!3m2!1str!2str!4v1758119362159!5m2!1str!2str\" width=\"1200\" height=\"450\" style=\"border:0;\" allowfullscreen=\"\" loading=\"lazy\" referrerpolicy=\"no-referrer-when-downgrade\"><\/iframe>\n\n\n\n<p class=\"has-black-color has-pale-ocean-gradient-background has-text-color has-background has-link-color has-medium-font-size wp-elements-63b826ebc23ede6a6b9d961da207a6c1\">Adres: <a href=\"https:\/\/www.google.com\/maps\/place\/Egem+Tatil+Evleri\/@36.7532335,28.9981706,14z\/data=!4m9!3m8!1s0x14c06776836f1823:0x3df20bb7dbc33e86!5m2!4m1!1i2!8m2!3d36.7462918!4d28.9897699!16s%2Fg%2F11pz8nn7gs?entry=ttu&amp;g_ep=EgoyMDI1MDkxMC4wIKXMDSoASAFQAw%3D%3D\" data-type=\"link\" data-id=\"https:\/\/www.google.com\/maps\/place\/Egem+Tatil+Evleri\/@36.7532335,28.9981706,14z\/data=!4m9!3m8!1s0x14c06776836f1823:0x3df20bb7dbc33e86!5m2!4m1!1i2!8m2!3d36.7462918!4d28.9897699!16s%2Fg%2F11pz8nn7gs?entry=ttu&amp;g_ep=EgoyMDI1MDkxMC4wIKXMDSoASAFQAw%3D%3D\">\u0130nlice mahallesi p\u0131ynarc\u0131k mevki, 48300 Fethiye\/Mu\u011fla<\/a><\/p>\n\n\n\n<p class=\"has-black-color has-pale-ocean-gradient-background has-text-color has-background has-link-color has-medium-font-size wp-elements-47ea4dd755ffdab7f63f47da4ece1dc7\">Telefon:&nbsp;0532 050 86 11<\/p>\n\n\n\n<p><\/p>\n","protected":false},"excerpt":{"rendered":"<p>Adres: \u0130nlice mahallesi p\u0131ynarc\u0131k mevki, 48300 Fethiye\/Mu\u011fla Telefon:&nbsp;0532 050 86 11<\/p>\n","protected":false},"author":1,"featured_media":0,"parent":0,"menu_order":0,"comment_status":"closed","ping_status":"closed","template":"","meta":{"footnotes":""},"class_list":["post-34","page","type-page","status-publish","hentry"],"yoast_head":"<!-- This site is optimized with the Yoast SEO plugin v27.4 - https:\/\/yoast.com\/product\/yoast-seo-wordpress\/ -->\n<title>\u0130leti\u015fim - Egem Tatil Evleri<\/title>\n<meta name=\"robots\" content=\"index, follow, max-snippet:-1, max-image-preview:large, max-video-preview:-1\" \/>\n<link rel=\"canonical\" href=\"https:\/\/www.egemtatilevleri.com\/index.php\/iletisim\/\" \/>\n<meta property=\"og:locale\" content=\"tr_TR\" \/>\n<meta property=\"og:type\" content=\"article\" \/>\n<meta property=\"og:title\" content=\"\u0130leti\u015fim - Egem Tatil Evleri\" \/>\n<meta property=\"og:description\" content=\"Adres: \u0130nlice mahallesi p\u0131ynarc\u0131k mevki, 48300 Fethiye\/Mu\u011fla Telefon:&nbsp;0532 050 86 11\" \/>\n<meta property=\"og:url\" content=\"https:\/\/www.egemtatilevleri.com\/index.php\/iletisim\/\" \/>\n<meta property=\"og:site_name\" content=\"Egem Tatil Evleri\" \/>\n<meta property=\"article:modified_time\" content=\"2025-09-17T14:30:59+00:00\" \/>\n<meta name=\"twitter:card\" content=\"summary_large_image\" \/>\n<script type=\"application\/ld+json\" class=\"yoast-schema-graph\">{\"@context\":\"https:\\\/\\\/schema.org\",\"@graph\":[{\"@type\":\"WebPage\",\"@id\":\"https:\\\/\\\/www.egemtatilevleri.com\\\/index.php\\\/iletisim\\\/\",\"url\":\"https:\\\/\\\/www.egemtatilevleri.com\\\/index.php\\\/iletisim\\\/\",\"name\":\"\u0130leti\u015fim - Egem Tatil Evleri\",\"isPartOf\":{\"@id\":\"https:\\\/\\\/www.egemtatilevleri.com\\\/#website\"},\"datePublished\":\"2025-09-13T15:25:11+00:00\",\"dateModified\":\"2025-09-17T14:30:59+00:00\",\"breadcrumb\":{\"@id\":\"https:\\\/\\\/www.egemtatilevleri.com\\\/index.php\\\/iletisim\\\/#breadcrumb\"},\"inLanguage\":\"tr\",\"potentialAction\":[{\"@type\":\"ReadAction\",\"target\":[\"https:\\\/\\\/www.egemtatilevleri.com\\\/index.php\\\/iletisim\\\/\"]}]},{\"@type\":\"BreadcrumbList\",\"@id\":\"https:\\\/\\\/www.egemtatilevleri.com\\\/index.php\\\/iletisim\\\/#breadcrumb\",\"itemListElement\":[{\"@type\":\"ListItem\",\"position\":1,\"name\":\"Anasayfa\",\"item\":\"https:\\\/\\\/www.egemtatilevleri.com\\\/\"},{\"@type\":\"ListItem\",\"position\":2,\"name\":\"\u0130leti\u015fim\"}]},{\"@type\":\"WebSite\",\"@id\":\"https:\\\/\\\/www.egemtatilevleri.com\\\/#website\",\"url\":\"https:\\\/\\\/www.egemtatilevleri.com\\\/\",\"name\":\"Egem Tatil Evleri\",\"description\":\"Fethiye'nin \u0130ncisi\",\"publisher\":{\"@id\":\"https:\\\/\\\/www.egemtatilevleri.com\\\/#organization\"},\"potentialAction\":[{\"@type\":\"SearchAction\",\"target\":{\"@type\":\"EntryPoint\",\"urlTemplate\":\"https:\\\/\\\/www.egemtatilevleri.com\\\/?s={search_term_string}\"},\"query-input\":{\"@type\":\"PropertyValueSpecification\",\"valueRequired\":true,\"valueName\":\"search_term_string\"}}],\"inLanguage\":\"tr\"},{\"@type\":\"Organization\",\"@id\":\"https:\\\/\\\/www.egemtatilevleri.com\\\/#organization\",\"name\":\"Egem Tatil Evleri\",\"url\":\"https:\\\/\\\/www.egemtatilevleri.com\\\/\",\"logo\":{\"@type\":\"ImageObject\",\"inLanguage\":\"tr\",\"@id\":\"https:\\\/\\\/www.egemtatilevleri.com\\\/#\\\/schema\\\/logo\\\/image\\\/\",\"url\":\"https:\\\/\\\/www.egemtatilevleri.com\\\/wp-content\\\/uploads\\\/2025\\\/12\\\/449274058_459091390195065_2423446173176242008_n.jpg\",\"contentUrl\":\"https:\\\/\\\/www.egemtatilevleri.com\\\/wp-content\\\/uploads\\\/2025\\\/12\\\/449274058_459091390195065_2423446173176242008_n.jpg\",\"width\":320,\"height\":320,\"caption\":\"Egem Tatil Evleri\"},\"image\":{\"@id\":\"https:\\\/\\\/www.egemtatilevleri.com\\\/#\\\/schema\\\/logo\\\/image\\\/\"},\"sameAs\":[\"https:\\\/\\\/www.instagram.com\\\/egemtatilevleri\\\/\"]}]}<\/script>\n<!-- \/ Yoast SEO plugin. -->","yoast_head_json":{"title":"\u0130leti\u015fim - Egem Tatil Evleri","robots":{"index":"index","follow":"follow","max-snippet":"max-snippet:-1","max-image-preview":"max-image-preview:large","max-video-preview":"max-video-preview:-1"},"canonical":"https:\/\/www.egemtatilevleri.com\/index.php\/iletisim\/","og_locale":"tr_TR","og_type":"article","og_title":"\u0130leti\u015fim - Egem Tatil Evleri","og_description":"Adres: \u0130nlice mahallesi p\u0131ynarc\u0131k mevki, 48300 Fethiye\/Mu\u011fla Telefon:&nbsp;0532 050 86 11","og_url":"https:\/\/www.egemtatilevleri.com\/index.php\/iletisim\/","og_site_name":"Egem Tatil Evleri","article_modified_time":"2025-09-17T14:30:59+00:00","twitter_card":"summary_large_image","schema":{"@context":"https:\/\/schema.org","@graph":[{"@type":"WebPage","@id":"https:\/\/www.egemtatilevleri.com\/index.php\/iletisim\/","url":"https:\/\/www.egemtatilevleri.com\/index.php\/iletisim\/","name":"\u0130leti\u015fim - Egem Tatil Evleri","isPartOf":{"@id":"https:\/\/www.egemtatilevleri.com\/#website"},"datePublished":"2025-09-13T15:25:11+00:00","dateModified":"2025-09-17T14:30:59+00:00","breadcrumb":{"@id":"https:\/\/www.egemtatilevleri.com\/index.php\/iletisim\/#breadcrumb"},"inLanguage":"tr","potentialAction":[{"@type":"ReadAction","target":["https:\/\/www.egemtatilevleri.com\/index.php\/iletisim\/"]}]},{"@type":"BreadcrumbList","@id":"https:\/\/www.egemtatilevleri.com\/index.php\/iletisim\/#breadcrumb","itemListElement":[{"@type":"ListItem","position":1,"name":"Anasayfa","item":"https:\/\/www.egemtatilevleri.com\/"},{"@type":"ListItem","position":2,"name":"\u0130leti\u015fim"}]},{"@type":"WebSite","@id":"https:\/\/www.egemtatilevleri.com\/#website","url":"https:\/\/www.egemtatilevleri.com\/","name":"Egem Tatil Evleri","description":"Fethiye'nin \u0130ncisi","publisher":{"@id":"https:\/\/www.egemtatilevleri.com\/#organization"},"potentialAction":[{"@type":"SearchAction","target":{"@type":"EntryPoint","urlTemplate":"https:\/\/www.egemtatilevleri.com\/?s={search_term_string}"},"query-input":{"@type":"PropertyValueSpecification","valueRequired":true,"valueName":"search_term_string"}}],"inLanguage":"tr"},{"@type":"Organization","@id":"https:\/\/www.egemtatilevleri.com\/#organization","name":"Egem Tatil Evleri","url":"https:\/\/www.egemtatilevleri.com\/","logo":{"@type":"ImageObject","inLanguage":"tr","@id":"https:\/\/www.egemtatilevleri.com\/#\/schema\/logo\/image\/","url":"https:\/\/www.egemtatilevleri.com\/wp-content\/uploads\/2025\/12\/449274058_459091390195065_2423446173176242008_n.jpg","contentUrl":"https:\/\/www.egemtatilevleri.com\/wp-content\/uploads\/2025\/12\/449274058_459091390195065_2423446173176242008_n.jpg","width":320,"height":320,"caption":"Egem Tatil Evleri"},"image":{"@id":"https:\/\/www.egemtatilevleri.com\/#\/schema\/logo\/image\/"},"sameAs":["https:\/\/www.instagram.com\/egemtatilevleri\/"]}]}},"_links":{"self":[{"href":"https:\/\/www.egemtatilevleri.com\/index.php\/wp-json\/wp\/v2\/pages\/34","targetHints":{"allow":["GET"]}}],"collection":[{"href":"https:\/\/www.egemtatilevleri.com\/index.php\/wp-json\/wp\/v2\/pages"}],"about":[{"href":"https:\/\/www.egemtatilevleri.com\/index.php\/wp-json\/wp\/v2\/types\/page"}],"author":[{"embeddable":true,"href":"https:\/\/www.egemtatilevleri.com\/index.php\/wp-json\/wp\/v2\/users\/1"}],"replies":[{"embeddable":true,"href":"https:\/\/www.egemtatilevleri.com\/index.php\/wp-json\/wp\/v2\/comments?post=34"}],"version-history":[{"count":8,"href":"https:\/\/www.egemtatilevleri.com\/index.php\/wp-json\/wp\/v2\/pages\/34\/revisions"}],"predecessor-version":[{"id":90,"href":"https:\/\/www.egemtatilevleri.com\/index.php\/wp-json\/wp\/v2\/pages\/34\/revisions\/90"}],"wp:attachment":[{"href":"https:\/\/www.egemtatilevleri.com\/index.php\/wp-json\/wp\/v2\/media?parent=34"}],"curies":[{"name":"wp","href":"https:\/\/api.w.org\/{rel}","templated":true}]}}