{"id":30,"date":"2025-09-13T15:25:11","date_gmt":"2025-09-13T15:25:11","guid":{"rendered":"https:\/\/www.egemtatilevleri.com\/?page_id=30"},"modified":"2025-11-05T09:09:54","modified_gmt":"2025-11-05T09:09:54","slug":"bungalow","status":"publish","type":"page","link":"https:\/\/www.egemtatilevleri.com\/index.php\/bungalow\/","title":{"rendered":"Bungalow"},"content":{"rendered":"<div class=\"n2-section-smartslider fitvidsignore  n2_clear\" data-ssid=\"17\"><div id=\"n2-ss-17-align\" class=\"n2-ss-align\"><div class=\"n2-padding\"><div id=\"n2-ss-17\" data-creator=\"Smart Slider 3\" data-responsive=\"auto\" class=\"n2-ss-slider n2-ow n2-has-hover n2notransition  \">\n\n\n\n\n\n\n\n\n\n\n\n\n\n<div class=\"n2-ss-slider-wrapper-inside\">\n        <div class=\"n2-ss-slider-1 n2_ss__touch_element n2-ow\">\n            <div class=\"n2-ss-slider-2 n2-ow\">\n                                                <div class=\"n2-ss-slider-3 n2-ow\">\n\n                    <div class=\"n2-ss-slide-backgrounds n2-ow-all\"><div class=\"n2-ss-slide-background\" data-public-id=\"1\" data-mode=\"fill\"><div class=\"n2-ss-slide-background-image\" data-blur=\"0\" data-opacity=\"100\" data-x=\"49\" data-y=\"41\" data-alt=\"\" data-title=\"\" style=\"--ss-o-pos-x:49%;--ss-o-pos-y:41%\"><picture class=\"skip-lazy\" data-skip-lazy=\"1\"><img decoding=\"async\" src=\"\/\/www.egemtatilevleri.com\/wp-content\/uploads\/2025\/11\/DJI_0741.jpg\" alt=\"\" title=\"\" loading=\"lazy\" class=\"skip-lazy\" data-skip-lazy=\"1\"><\/picture><\/div><div data-color=\"RGBA(255,255,255,0)\" style=\"background-color: RGBA(255,255,255,0);\" class=\"n2-ss-slide-background-color\"><\/div><\/div><div class=\"n2-ss-slide-background\" data-public-id=\"2\" data-mode=\"fill\" aria-hidden=\"true\"><div class=\"n2-ss-slide-background-image\" data-blur=\"0\" data-opacity=\"100\" data-x=\"50\" data-y=\"50\" data-alt=\"\" data-title=\"\"><picture class=\"skip-lazy\" data-skip-lazy=\"1\"><img decoding=\"async\" src=\"\/\/www.egemtatilevleri.com\/wp-content\/uploads\/2025\/11\/DJI_0732.jpg\" alt=\"\" title=\"\" loading=\"lazy\" class=\"skip-lazy\" data-skip-lazy=\"1\"><\/picture><\/div><div data-color=\"RGBA(255,255,255,0)\" style=\"background-color: RGBA(255,255,255,0);\" class=\"n2-ss-slide-background-color\"><\/div><\/div><div class=\"n2-ss-slide-background\" data-public-id=\"3\" data-mode=\"fill\" aria-hidden=\"true\"><div class=\"n2-ss-slide-background-image\" data-blur=\"0\" data-opacity=\"100\" data-x=\"50\" data-y=\"50\" data-alt=\"\" data-title=\"\"><picture class=\"skip-lazy\" data-skip-lazy=\"1\"><img decoding=\"async\" src=\"\/\/www.egemtatilevleri.com\/wp-content\/uploads\/2025\/11\/DJI_0736.jpg\" alt=\"\" title=\"\" loading=\"lazy\" class=\"skip-lazy\" data-skip-lazy=\"1\"><\/picture><\/div><div data-color=\"RGBA(255,255,255,0)\" style=\"background-color: RGBA(255,255,255,0);\" class=\"n2-ss-slide-background-color\"><\/div><\/div><div class=\"n2-ss-slide-background\" data-public-id=\"4\" data-mode=\"fill\" aria-hidden=\"true\"><div class=\"n2-ss-slide-background-image\" data-blur=\"0\" data-opacity=\"100\" data-x=\"50\" data-y=\"50\" data-alt=\"\" data-title=\"\"><picture class=\"skip-lazy\" data-skip-lazy=\"1\"><img decoding=\"async\" src=\"\/\/www.egemtatilevleri.com\/wp-content\/uploads\/2025\/11\/DJI_0734.jpg\" alt=\"\" title=\"\" loading=\"lazy\" class=\"skip-lazy\" data-skip-lazy=\"1\"><\/picture><\/div><div data-color=\"RGBA(255,255,255,0)\" style=\"background-color: RGBA(255,255,255,0);\" class=\"n2-ss-slide-background-color\"><\/div><\/div><div class=\"n2-ss-slide-background\" data-public-id=\"5\" data-mode=\"fill\" aria-hidden=\"true\"><div class=\"n2-ss-slide-background-image\" data-blur=\"0\" data-opacity=\"100\" data-x=\"50\" data-y=\"50\" data-alt=\"\" data-title=\"\"><picture class=\"skip-lazy\" data-skip-lazy=\"1\"><img decoding=\"async\" src=\"\/\/www.egemtatilevleri.com\/wp-content\/uploads\/2025\/11\/DJI_0737.jpg\" alt=\"\" title=\"\" loading=\"lazy\" class=\"skip-lazy\" data-skip-lazy=\"1\"><\/picture><\/div><div data-color=\"RGBA(255,255,255,0)\" style=\"background-color: RGBA(255,255,255,0);\" class=\"n2-ss-slide-background-color\"><\/div><\/div><div class=\"n2-ss-slide-background\" data-public-id=\"6\" data-mode=\"fill\" aria-hidden=\"true\"><div class=\"n2-ss-slide-background-image\" data-blur=\"0\" data-opacity=\"100\" data-x=\"50\" data-y=\"50\" data-alt=\"\" data-title=\"\"><picture class=\"skip-lazy\" data-skip-lazy=\"1\"><img decoding=\"async\" src=\"\/\/www.egemtatilevleri.com\/wp-content\/uploads\/2025\/11\/DSCF0444.jpg\" alt=\"\" title=\"\" loading=\"lazy\" class=\"skip-lazy\" data-skip-lazy=\"1\"><\/picture><\/div><div data-color=\"RGBA(255,255,255,0)\" style=\"background-color: RGBA(255,255,255,0);\" class=\"n2-ss-slide-background-color\"><\/div><\/div><\/div>                    <div class=\"n2-ss-slider-4 n2-ow\">\n                        <svg xmlns=\"http:\/\/www.w3.org\/2000\/svg\" viewBox=\"0 0 1400 800\" data-related-device=\"desktopPortrait\" class=\"n2-ow n2-ss-preserve-size n2-ss-preserve-size--slider n2-ss-slide-limiter\"><\/svg><div data-first=\"1\" data-slide-duration=\"0\" data-id=\"165\" data-slide-public-id=\"1\" data-title=\"R\u00dcYA\" data-haslink=\"1\" data-href=\"https:\/\/www.egemtatilevleri.com\/index.php\/ruya\/\" tabindex=\"0\" role=\"button\" data-target=\"_blank\" data-n2click=\"url\" data-force-pointer=\"\" class=\"n2-ss-slide n2-ow  n2-ss-slide-165\"><div role=\"note\" class=\"n2-ss-slide--focus\">R\u00dcYA<\/div><div class=\"n2-ss-layers-container n2-ss-slide-limiter n2-ow\"><div class=\"n2-ss-layer n2-ow n-uc-BxkLQD10BdVy\" data-sstype=\"slide\" data-pm=\"default\"><\/div><\/div><\/div><div data-slide-duration=\"0\" data-id=\"166\" data-slide-public-id=\"2\" aria-hidden=\"true\" data-title=\"OKYANUS\" data-haslink=\"1\" data-href=\"https:\/\/www.egemtatilevleri.com\/index.php\/okyanus\/\" tabindex=\"0\" role=\"button\" data-target=\"_blank\" data-n2click=\"url\" data-force-pointer=\"\" class=\"n2-ss-slide n2-ow  n2-ss-slide-166\"><div role=\"note\" class=\"n2-ss-slide--focus\">OKYANUS<\/div><div class=\"n2-ss-layers-container n2-ss-slide-limiter n2-ow\"><div class=\"n2-ss-layer n2-ow n-uc-qhDUfCav9m25\" data-sstype=\"slide\" data-pm=\"default\"><\/div><\/div><\/div><div data-slide-duration=\"0\" data-id=\"167\" data-slide-public-id=\"3\" aria-hidden=\"true\" data-title=\"G\u0130ZL\u0130 BAH\u00c7E\" data-haslink=\"1\" data-href=\"https:\/\/www.egemtatilevleri.com\/index.php\/gizli-bahce\/\" tabindex=\"0\" role=\"button\" data-target=\"_blank\" data-n2click=\"url\" data-force-pointer=\"\" class=\"n2-ss-slide n2-ow  n2-ss-slide-167\"><div role=\"note\" class=\"n2-ss-slide--focus\">G\u0130ZL\u0130 BAH\u00c7E<\/div><div class=\"n2-ss-layers-container n2-ss-slide-limiter n2-ow\"><div class=\"n2-ss-layer n2-ow n-uc-8AkrJ6iBBlVI\" data-sstype=\"slide\" data-pm=\"default\"><\/div><\/div><\/div><div data-slide-duration=\"0\" data-id=\"168\" data-slide-public-id=\"4\" aria-hidden=\"true\" data-title=\"\u00c7\u0130LEK\" data-haslink=\"1\" data-href=\"https:\/\/www.egemtatilevleri.com\/index.php\/cilek\/\" tabindex=\"0\" role=\"button\" data-target=\"_blank\" data-n2click=\"url\" data-force-pointer=\"\" class=\"n2-ss-slide n2-ow  n2-ss-slide-168\"><div role=\"note\" class=\"n2-ss-slide--focus\">\u00c7\u0130LEK<\/div><div class=\"n2-ss-layers-container n2-ss-slide-limiter n2-ow\"><div class=\"n2-ss-layer n2-ow n-uc-kmNu21PWABVs\" data-sstype=\"slide\" data-pm=\"default\"><\/div><\/div><\/div><div data-slide-duration=\"0\" data-id=\"169\" data-slide-public-id=\"5\" aria-hidden=\"true\" data-title=\"AKDEN\u0130Z\" data-haslink=\"1\" data-href=\"https:\/\/www.egemtatilevleri.com\/index.php\/akdeniz\/\" tabindex=\"0\" role=\"button\" data-target=\"_blank\" data-n2click=\"url\" data-force-pointer=\"\" class=\"n2-ss-slide n2-ow  n2-ss-slide-169\"><div role=\"note\" class=\"n2-ss-slide--focus\">AKDEN\u0130Z<\/div><div class=\"n2-ss-layers-container n2-ss-slide-limiter n2-ow\"><div class=\"n2-ss-layer n2-ow n-uc-F3xGx11vdK9e\" data-sstype=\"slide\" data-pm=\"default\"><\/div><\/div><\/div><div data-slide-duration=\"0\" data-id=\"170\" data-slide-public-id=\"6\" aria-hidden=\"true\" data-title=\"CENNET\" data-haslink=\"1\" data-href=\"https:\/\/www.egemtatilevleri.com\/index.php\/cennet\/\" tabindex=\"0\" role=\"button\" data-target=\"_blank\" data-n2click=\"url\" data-force-pointer=\"\" class=\"n2-ss-slide n2-ow  n2-ss-slide-170\"><div role=\"note\" class=\"n2-ss-slide--focus\">CENNET<\/div><div class=\"n2-ss-layers-container n2-ss-slide-limiter n2-ow\"><div class=\"n2-ss-layer n2-ow n-uc-iU2rRNSHEPHN\" data-sstype=\"slide\" data-pm=\"default\"><\/div><\/div><\/div>                    <\/div>\n\n                                    <\/div>\n            <\/div>\n        <\/div>\n        <div class=\"n2-ss-slider-controls n2-ss-slider-controls-absolute-left-center\"><div style=\"--widget-offset:15px;\" class=\"n2-ss-widget nextend-arrow n2-ow-all nextend-arrow-previous  nextend-arrow-animated-fade\" data-hide-mobileportrait=\"1\" id=\"n2-ss-17-arrow-previous\" role=\"button\" aria-label=\"previous arrow\" tabindex=\"0\"><img loading=\"lazy\" decoding=\"async\" width=\"32\" height=\"32\" class=\"skip-lazy\" data-skip-lazy=\"1\" src=\"data:image\/svg+xml;base64,PHN2ZyB3aWR0aD0iMzIiIGhlaWdodD0iMzIiIHZpZXdCb3g9IjAgMCAzMiAzMiIgeG1sbnM9Imh0dHA6Ly93d3cudzMub3JnLzIwMDAvc3ZnIj4KICAgIDxwYXRoIGQ9Ik0xMS40MzMgMTUuOTkyTDIyLjY5IDUuNzEyYy4zOTMtLjM5LjM5My0xLjAzIDAtMS40Mi0uMzkzLS4zOS0xLjAzLS4zOS0xLjQyMyAwbC0xMS45OCAxMC45NGMtLjIxLjIxLS4zLjQ5LS4yODUuNzYtLjAxNS4yOC4wNzUuNTYuMjg0Ljc3bDExLjk4IDEwLjk0Yy4zOTMuMzkgMS4wMy4zOSAxLjQyNCAwIC4zOTMtLjQuMzkzLTEuMDMgMC0xLjQybC0xMS4yNTctMTAuMjkiCiAgICAgICAgICBmaWxsPSIjZmZmZmZmIiBvcGFjaXR5PSIwLjgiIGZpbGwtcnVsZT0iZXZlbm9kZCIvPgo8L3N2Zz4=\" alt=\"previous arrow\"><\/div><\/div><div class=\"n2-ss-slider-controls n2-ss-slider-controls-absolute-right-center\"><div style=\"--widget-offset:15px;\" class=\"n2-ss-widget nextend-arrow n2-ow-all nextend-arrow-next  nextend-arrow-animated-fade\" data-hide-mobileportrait=\"1\" id=\"n2-ss-17-arrow-next\" role=\"button\" aria-label=\"next arrow\" tabindex=\"0\"><img loading=\"lazy\" decoding=\"async\" width=\"32\" height=\"32\" class=\"skip-lazy\" data-skip-lazy=\"1\" src=\"data:image\/svg+xml;base64,PHN2ZyB3aWR0aD0iMzIiIGhlaWdodD0iMzIiIHZpZXdCb3g9IjAgMCAzMiAzMiIgeG1sbnM9Imh0dHA6Ly93d3cudzMub3JnLzIwMDAvc3ZnIj4KICAgIDxwYXRoIGQ9Ik0xMC43MjIgNC4yOTNjLS4zOTQtLjM5LTEuMDMyLS4zOS0xLjQyNyAwLS4zOTMuMzktLjM5MyAxLjAzIDAgMS40MmwxMS4yODMgMTAuMjgtMTEuMjgzIDEwLjI5Yy0uMzkzLjM5LS4zOTMgMS4wMiAwIDEuNDIuMzk1LjM5IDEuMDMzLjM5IDEuNDI3IDBsMTIuMDA3LTEwLjk0Yy4yMS0uMjEuMy0uNDkuMjg0LS43Ny4wMTQtLjI3LS4wNzYtLjU1LS4yODYtLjc2TDEwLjcyIDQuMjkzeiIKICAgICAgICAgIGZpbGw9IiNmZmZmZmYiIG9wYWNpdHk9IjAuOCIgZmlsbC1ydWxlPSJldmVub2RkIi8+Cjwvc3ZnPg==\" alt=\"next arrow\"><\/div><\/div><div class=\"n2-ss-slider-controls n2-ss-slider-controls-absolute-center-bottom\"><div style=\"--widget-offset:30px;text-align: center;width:100%;\" class=\"n2-ss-widget nextend-bar nextend-bar-horizontal n2-ss-widget-hidden n2-ow-all\"><div class=\"n2-style-3745c27e4cee514fb93ac00b0ec9858c-simple \" style=\"display: inline-block;\"><span class=\"n2-font-86860a54b7064aeda4451b2de9b363f3-simple \">&nbsp;<\/span><\/div><\/div><\/div><\/div><\/div><ss3-loader><\/ss3-loader><\/div><\/div><div class=\"n2_clear\"><\/div><\/div>","protected":false},"excerpt":{"rendered":"","protected":false},"author":1,"featured_media":0,"parent":0,"menu_order":0,"comment_status":"closed","ping_status":"closed","template":"","meta":{"footnotes":""},"class_list":["post-30","page","type-page","status-publish","hentry"],"yoast_head":"<!-- This site is optimized with the Yoast SEO plugin v27.4 - https:\/\/yoast.com\/product\/yoast-seo-wordpress\/ -->\n<title>Bungalow - Egem Tatil Evleri<\/title>\n<meta name=\"robots\" content=\"index, follow, max-snippet:-1, max-image-preview:large, max-video-preview:-1\" \/>\n<link rel=\"canonical\" href=\"https:\/\/www.egemtatilevleri.com\/index.php\/bungalow\/\" \/>\n<meta property=\"og:locale\" content=\"tr_TR\" \/>\n<meta property=\"og:type\" content=\"article\" \/>\n<meta property=\"og:title\" content=\"Bungalow - Egem Tatil Evleri\" \/>\n<meta property=\"og:url\" content=\"https:\/\/www.egemtatilevleri.com\/index.php\/bungalow\/\" \/>\n<meta property=\"og:site_name\" content=\"Egem Tatil Evleri\" \/>\n<meta property=\"article:modified_time\" content=\"2025-11-05T09:09:54+00:00\" \/>\n<meta name=\"twitter:card\" content=\"summary_large_image\" \/>\n<meta name=\"twitter:label1\" content=\"Tahmini okuma s\u00fcresi\" \/>\n\t<meta name=\"twitter:data1\" content=\"1 dakika\" \/>\n<script type=\"application\/ld+json\" class=\"yoast-schema-graph\">{\"@context\":\"https:\\\/\\\/schema.org\",\"@graph\":[{\"@type\":\"WebPage\",\"@id\":\"https:\\\/\\\/www.egemtatilevleri.com\\\/index.php\\\/bungalow\\\/\",\"url\":\"https:\\\/\\\/www.egemtatilevleri.com\\\/index.php\\\/bungalow\\\/\",\"name\":\"Bungalow - Egem Tatil Evleri\",\"isPartOf\":{\"@id\":\"https:\\\/\\\/www.egemtatilevleri.com\\\/#website\"},\"datePublished\":\"2025-09-13T15:25:11+00:00\",\"dateModified\":\"2025-11-05T09:09:54+00:00\",\"breadcrumb\":{\"@id\":\"https:\\\/\\\/www.egemtatilevleri.com\\\/index.php\\\/bungalow\\\/#breadcrumb\"},\"inLanguage\":\"tr\",\"potentialAction\":[{\"@type\":\"ReadAction\",\"target\":[\"https:\\\/\\\/www.egemtatilevleri.com\\\/index.php\\\/bungalow\\\/\"]}]},{\"@type\":\"BreadcrumbList\",\"@id\":\"https:\\\/\\\/www.egemtatilevleri.com\\\/index.php\\\/bungalow\\\/#breadcrumb\",\"itemListElement\":[{\"@type\":\"ListItem\",\"position\":1,\"name\":\"Anasayfa\",\"item\":\"https:\\\/\\\/www.egemtatilevleri.com\\\/\"},{\"@type\":\"ListItem\",\"position\":2,\"name\":\"Bungalow\"}]},{\"@type\":\"WebSite\",\"@id\":\"https:\\\/\\\/www.egemtatilevleri.com\\\/#website\",\"url\":\"https:\\\/\\\/www.egemtatilevleri.com\\\/\",\"name\":\"Egem Tatil Evleri\",\"description\":\"Fethiye'nin \u0130ncisi\",\"publisher\":{\"@id\":\"https:\\\/\\\/www.egemtatilevleri.com\\\/#organization\"},\"potentialAction\":[{\"@type\":\"SearchAction\",\"target\":{\"@type\":\"EntryPoint\",\"urlTemplate\":\"https:\\\/\\\/www.egemtatilevleri.com\\\/?s={search_term_string}\"},\"query-input\":{\"@type\":\"PropertyValueSpecification\",\"valueRequired\":true,\"valueName\":\"search_term_string\"}}],\"inLanguage\":\"tr\"},{\"@type\":\"Organization\",\"@id\":\"https:\\\/\\\/www.egemtatilevleri.com\\\/#organization\",\"name\":\"Egem Tatil Evleri\",\"url\":\"https:\\\/\\\/www.egemtatilevleri.com\\\/\",\"logo\":{\"@type\":\"ImageObject\",\"inLanguage\":\"tr\",\"@id\":\"https:\\\/\\\/www.egemtatilevleri.com\\\/#\\\/schema\\\/logo\\\/image\\\/\",\"url\":\"https:\\\/\\\/www.egemtatilevleri.com\\\/wp-content\\\/uploads\\\/2025\\\/12\\\/449274058_459091390195065_2423446173176242008_n.jpg\",\"contentUrl\":\"https:\\\/\\\/www.egemtatilevleri.com\\\/wp-content\\\/uploads\\\/2025\\\/12\\\/449274058_459091390195065_2423446173176242008_n.jpg\",\"width\":320,\"height\":320,\"caption\":\"Egem Tatil Evleri\"},\"image\":{\"@id\":\"https:\\\/\\\/www.egemtatilevleri.com\\\/#\\\/schema\\\/logo\\\/image\\\/\"},\"sameAs\":[\"https:\\\/\\\/www.instagram.com\\\/egemtatilevleri\\\/\"]}]}<\/script>\n<!-- \/ Yoast SEO plugin. -->","yoast_head_json":{"title":"Bungalow - Egem Tatil Evleri","robots":{"index":"index","follow":"follow","max-snippet":"max-snippet:-1","max-image-preview":"max-image-preview:large","max-video-preview":"max-video-preview:-1"},"canonical":"https:\/\/www.egemtatilevleri.com\/index.php\/bungalow\/","og_locale":"tr_TR","og_type":"article","og_title":"Bungalow - Egem Tatil Evleri","og_url":"https:\/\/www.egemtatilevleri.com\/index.php\/bungalow\/","og_site_name":"Egem Tatil Evleri","article_modified_time":"2025-11-05T09:09:54+00:00","twitter_card":"summary_large_image","twitter_misc":{"Tahmini okuma s\u00fcresi":"1 dakika"},"schema":{"@context":"https:\/\/schema.org","@graph":[{"@type":"WebPage","@id":"https:\/\/www.egemtatilevleri.com\/index.php\/bungalow\/","url":"https:\/\/www.egemtatilevleri.com\/index.php\/bungalow\/","name":"Bungalow - Egem Tatil Evleri","isPartOf":{"@id":"https:\/\/www.egemtatilevleri.com\/#website"},"datePublished":"2025-09-13T15:25:11+00:00","dateModified":"2025-11-05T09:09:54+00:00","breadcrumb":{"@id":"https:\/\/www.egemtatilevleri.com\/index.php\/bungalow\/#breadcrumb"},"inLanguage":"tr","potentialAction":[{"@type":"ReadAction","target":["https:\/\/www.egemtatilevleri.com\/index.php\/bungalow\/"]}]},{"@type":"BreadcrumbList","@id":"https:\/\/www.egemtatilevleri.com\/index.php\/bungalow\/#breadcrumb","itemListElement":[{"@type":"ListItem","position":1,"name":"Anasayfa","item":"https:\/\/www.egemtatilevleri.com\/"},{"@type":"ListItem","position":2,"name":"Bungalow"}]},{"@type":"WebSite","@id":"https:\/\/www.egemtatilevleri.com\/#website","url":"https:\/\/www.egemtatilevleri.com\/","name":"Egem Tatil Evleri","description":"Fethiye'nin \u0130ncisi","publisher":{"@id":"https:\/\/www.egemtatilevleri.com\/#organization"},"potentialAction":[{"@type":"SearchAction","target":{"@type":"EntryPoint","urlTemplate":"https:\/\/www.egemtatilevleri.com\/?s={search_term_string}"},"query-input":{"@type":"PropertyValueSpecification","valueRequired":true,"valueName":"search_term_string"}}],"inLanguage":"tr"},{"@type":"Organization","@id":"https:\/\/www.egemtatilevleri.com\/#organization","name":"Egem Tatil Evleri","url":"https:\/\/www.egemtatilevleri.com\/","logo":{"@type":"ImageObject","inLanguage":"tr","@id":"https:\/\/www.egemtatilevleri.com\/#\/schema\/logo\/image\/","url":"https:\/\/www.egemtatilevleri.com\/wp-content\/uploads\/2025\/12\/449274058_459091390195065_2423446173176242008_n.jpg","contentUrl":"https:\/\/www.egemtatilevleri.com\/wp-content\/uploads\/2025\/12\/449274058_459091390195065_2423446173176242008_n.jpg","width":320,"height":320,"caption":"Egem Tatil Evleri"},"image":{"@id":"https:\/\/www.egemtatilevleri.com\/#\/schema\/logo\/image\/"},"sameAs":["https:\/\/www.instagram.com\/egemtatilevleri\/"]}]}},"_links":{"self":[{"href":"https:\/\/www.egemtatilevleri.com\/index.php\/wp-json\/wp\/v2\/pages\/30","targetHints":{"allow":["GET"]}}],"collection":[{"href":"https:\/\/www.egemtatilevleri.com\/index.php\/wp-json\/wp\/v2\/pages"}],"about":[{"href":"https:\/\/www.egemtatilevleri.com\/index.php\/wp-json\/wp\/v2\/types\/page"}],"author":[{"embeddable":true,"href":"https:\/\/www.egemtatilevleri.com\/index.php\/wp-json\/wp\/v2\/users\/1"}],"replies":[{"embeddable":true,"href":"https:\/\/www.egemtatilevleri.com\/index.php\/wp-json\/wp\/v2\/comments?post=30"}],"version-history":[{"count":3,"href":"https:\/\/www.egemtatilevleri.com\/index.php\/wp-json\/wp\/v2\/pages\/30\/revisions"}],"predecessor-version":[{"id":317,"href":"https:\/\/www.egemtatilevleri.com\/index.php\/wp-json\/wp\/v2\/pages\/30\/revisions\/317"}],"wp:attachment":[{"href":"https:\/\/www.egemtatilevleri.com\/index.php\/wp-json\/wp\/v2\/media?parent=30"}],"curies":[{"name":"wp","href":"https:\/\/api.w.org\/{rel}","templated":true}]}}