{"id":29,"date":"2025-09-13T15:25:11","date_gmt":"2025-09-13T15:25:11","guid":{"rendered":"https:\/\/www.egemtatilevleri.com\/?page_id=29"},"modified":"2025-12-11T12:44:30","modified_gmt":"2025-12-11T12:44:30","slug":"fethiye-egem-tatil-evleri","status":"publish","type":"page","link":"https:\/\/www.egemtatilevleri.com\/index.php\/fethiye-egem-tatil-evleri\/","title":{"rendered":"Hakk\u0131m\u0131zda"},"content":{"rendered":"\n<figure class=\"wp-block-image size-large is-style-rounded\"><img loading=\"lazy\" decoding=\"async\" width=\"1024\" height=\"576\" src=\"https:\/\/www.egemtatilevleri.com\/wp-content\/uploads\/2025\/10\/DJI_0727-1024x576.jpg\" alt=\"Fethiye tatil evleri\" class=\"wp-image-128\" srcset=\"https:\/\/www.egemtatilevleri.com\/wp-content\/uploads\/2025\/10\/DJI_0727-1024x576.jpg 1024w, https:\/\/www.egemtatilevleri.com\/wp-content\/uploads\/2025\/10\/DJI_0727-300x169.jpg 300w, https:\/\/www.egemtatilevleri.com\/wp-content\/uploads\/2025\/10\/DJI_0727-768x432.jpg 768w, https:\/\/www.egemtatilevleri.com\/wp-content\/uploads\/2025\/10\/DJI_0727-1536x864.jpg 1536w, https:\/\/www.egemtatilevleri.com\/wp-content\/uploads\/2025\/10\/DJI_0727-2048x1152.jpg 2048w\" sizes=\"auto, (max-width: 1024px) 100vw, 1024px\" \/><\/figure>\n\n\n\n<p class=\"has-black-color has-white-background-color has-text-color has-background has-link-color wp-elements-bd88bed3a10e7060ee05ee569e10677c\">Fethiye Egem Tatil Evleri<\/p>\n\n\n\n<p class=\"has-black-color has-white-background-color has-text-color has-background has-link-color wp-elements-676b4cc361ce444178cb6cd8fb05df6b\">Egem Tatil Evleri olarak misafirlerimize sakin ve konforlu bir tatil sunuyoruz. Villalar\u0131m\u0131z Fethiye\u2019nin do\u011fal g\u00fczellikleri i\u00e7inde yer al\u0131r. Her y\u0131l bir\u00e7ok misafiri \u0130nlice\u2019de a\u011f\u0131rl\u0131yoruz. Balay\u0131 \u00e7iftleri, aileler ve muhafazak\u00e2r tatil isteyen misafirler i\u00e7in \u00f6zel alanlar olu\u015fturuyoruz. Villalar\u0131m\u0131z 2 ki\u015filik kapasiteye sahiptir. Her villa sakin ve g\u00fcvenli bir tatil ortam\u0131 sa\u011flar. Tesisimiz, \u0130nlice Plaj\u0131\u2019na ara\u00e7la sadece 5 dakika uzakl\u0131ktad\u0131r. B\u00f6ylece denize kolayca ula\u015fabilirsiniz. <a href=\"https:\/\/www.google.com\/maps?ll=36.746292,28.98977&amp;z=16&amp;t=m&amp;hl=tr&amp;gl=TR&amp;mapclient=embed&amp;cid=4463643064971509382\">\u015eehir kalabal\u0131\u011f\u0131ndan uzak, sessiz bir konum<\/a> se\u00e7tik. Her villada \u00f6zel havuz ve jakuzi sunuyoruz. Modern mobilyalar ve tam donan\u0131ml\u0131 mutfak her misafire konfor sa\u011flar. Yan yana konumlanan <a href=\"https:\/\/www.egemtatilevleri.com\/index.php\/bungalow\/\">6 l\u00fcks villam\u0131zda<\/a> rahat bir ortam olu\u015fturuyoruz. Misafirlerimizin huzuru bizim i\u00e7in \u00e7ok \u00f6nemlidir. Bu nedenle her detay\u0131 \u00f6zenle planl\u0131yoruz. Villalar\u0131m\u0131zda kendinizi evinizde hissedersiniz. Bizim i\u00e7in misafir memnuniyeti her \u015feyden \u00f6nemlidir. Sizleri de <a href=\"https:\/\/www.egemtatilevleri.com\/\">Fethiye Egem Tatil Evleri\u2019nin<\/a> sundu\u011fu \u00f6zel atmosferi deneyimlemeye davet ediyoruz.<\/p>\n\n\n\n<p class=\"has-black-color has-white-background-color has-text-color has-background has-link-color wp-elements-e37c5622241c76ae2040701c284cbcb5\">\u0130lte\u015fim numaras\u0131: <a href=\"tel:+905320508611\">0532 050 86 11<\/a><\/p>\n\n\n\n<p class=\"has-black-color has-white-background-color has-text-color has-background has-link-color wp-elements-a4e8360b1beea9bb1dbd15f9d63019f6\">\u0130nstagram: <a href=\"https:\/\/www.instagram.com\/egemtatilevleri\/\">egemtatilevleri<\/a><\/p>\n\n\n\n<p class=\"has-white-color has-text-color has-link-color wp-elements-c645e628e62f8fbab9d9726851472d16\"><\/p>\n","protected":false},"excerpt":{"rendered":"<p>Fethiye Egem Tatil Evleri Egem Tatil Evleri olarak misafirlerimize sakin ve konforlu bir tatil sunuyoruz. Villalar\u0131m\u0131z Fethiye\u2019nin do\u011fal g\u00fczellikleri i\u00e7inde yer al\u0131r. Her y\u0131l bir\u00e7ok misafiri \u0130nlice\u2019de a\u011f\u0131rl\u0131yoruz. Balay\u0131 \u00e7iftleri, aileler ve muhafazak\u00e2r tatil isteyen misafirler i\u00e7in \u00f6zel alanlar olu\u015fturuyoruz. Villalar\u0131m\u0131z 2 ki\u015filik kapasiteye sahiptir. Her villa sakin ve g\u00fcvenli bir tatil ortam\u0131 sa\u011flar. Tesisimiz,<span class=\"post-excerpt-end\">&hellip;<\/span><\/p>\n<p class=\"more-link\"><a href=\"https:\/\/www.egemtatilevleri.com\/index.php\/fethiye-egem-tatil-evleri\/\" class=\"themebutton\">Read More<\/a><\/p>\n","protected":false},"author":1,"featured_media":0,"parent":0,"menu_order":0,"comment_status":"closed","ping_status":"closed","template":"","meta":{"footnotes":""},"class_list":["post-29","page","type-page","status-publish","hentry"],"yoast_head":"<!-- This site is optimized with the Yoast SEO plugin v27.4 - https:\/\/yoast.com\/product\/yoast-seo-wordpress\/ -->\n<title>Hakk\u0131m\u0131zda - Egem Tatil Evleri<\/title>\n<meta name=\"description\" content=\"Fethiye Egem Tatil Evleri, \u0130nlice\u2019de \u00f6zel havuzlu ve jakuzili l\u00fcks villalar sunar. Balay\u0131 \u00e7iftleri, aileler ve muhafazak\u00e2r tatil isteyen misafirler i\u00e7in tasarlanm\u0131\u015f bu villalarda huzurlu ve konforlu bir tatil ya\u015fayabilirsiniz.\" \/>\n<meta name=\"robots\" content=\"index, follow, max-snippet:-1, max-image-preview:large, max-video-preview:-1\" \/>\n<link rel=\"canonical\" href=\"https:\/\/www.egemtatilevleri.com\/index.php\/fethiye-egem-tatil-evleri\/\" \/>\n<meta property=\"og:locale\" content=\"tr_TR\" \/>\n<meta property=\"og:type\" content=\"article\" \/>\n<meta property=\"og:title\" content=\"Hakk\u0131m\u0131zda - Egem Tatil Evleri\" \/>\n<meta property=\"og:description\" content=\"Fethiye Egem Tatil Evleri, \u0130nlice\u2019de \u00f6zel havuzlu ve jakuzili l\u00fcks villalar sunar. Balay\u0131 \u00e7iftleri, aileler ve muhafazak\u00e2r tatil isteyen misafirler i\u00e7in tasarlanm\u0131\u015f bu villalarda huzurlu ve konforlu bir tatil ya\u015fayabilirsiniz.\" \/>\n<meta property=\"og:url\" content=\"https:\/\/www.egemtatilevleri.com\/index.php\/fethiye-egem-tatil-evleri\/\" \/>\n<meta property=\"og:site_name\" content=\"Egem Tatil Evleri\" \/>\n<meta property=\"article:modified_time\" content=\"2025-12-11T12:44:30+00:00\" \/>\n<meta property=\"og:image\" content=\"https:\/\/www.egemtatilevleri.com\/wp-content\/uploads\/2025\/10\/DJI_0727-scaled.jpg\" \/>\n\t<meta property=\"og:image:width\" content=\"2560\" \/>\n\t<meta property=\"og:image:height\" content=\"1440\" \/>\n\t<meta property=\"og:image:type\" content=\"image\/jpeg\" \/>\n<meta name=\"twitter:card\" content=\"summary_large_image\" \/>\n<meta name=\"twitter:label1\" content=\"Tahmini okuma s\u00fcresi\" \/>\n\t<meta name=\"twitter:data1\" content=\"2 dakika\" \/>\n<script type=\"application\/ld+json\" class=\"yoast-schema-graph\">{\"@context\":\"https:\\\/\\\/schema.org\",\"@graph\":[{\"@type\":\"WebPage\",\"@id\":\"https:\\\/\\\/www.egemtatilevleri.com\\\/index.php\\\/fethiye-egem-tatil-evleri\\\/\",\"url\":\"https:\\\/\\\/www.egemtatilevleri.com\\\/index.php\\\/fethiye-egem-tatil-evleri\\\/\",\"name\":\"Hakk\u0131m\u0131zda - Egem Tatil Evleri\",\"isPartOf\":{\"@id\":\"https:\\\/\\\/www.egemtatilevleri.com\\\/#website\"},\"primaryImageOfPage\":{\"@id\":\"https:\\\/\\\/www.egemtatilevleri.com\\\/index.php\\\/fethiye-egem-tatil-evleri\\\/#primaryimage\"},\"image\":{\"@id\":\"https:\\\/\\\/www.egemtatilevleri.com\\\/index.php\\\/fethiye-egem-tatil-evleri\\\/#primaryimage\"},\"thumbnailUrl\":\"https:\\\/\\\/www.egemtatilevleri.com\\\/wp-content\\\/uploads\\\/2025\\\/10\\\/DJI_0727-1024x576.jpg\",\"datePublished\":\"2025-09-13T15:25:11+00:00\",\"dateModified\":\"2025-12-11T12:44:30+00:00\",\"description\":\"Fethiye Egem Tatil Evleri, \u0130nlice\u2019de \u00f6zel havuzlu ve jakuzili l\u00fcks villalar sunar. Balay\u0131 \u00e7iftleri, aileler ve muhafazak\u00e2r tatil isteyen misafirler i\u00e7in tasarlanm\u0131\u015f bu villalarda huzurlu ve konforlu bir tatil ya\u015fayabilirsiniz.\",\"breadcrumb\":{\"@id\":\"https:\\\/\\\/www.egemtatilevleri.com\\\/index.php\\\/fethiye-egem-tatil-evleri\\\/#breadcrumb\"},\"inLanguage\":\"tr\",\"potentialAction\":[{\"@type\":\"ReadAction\",\"target\":[\"https:\\\/\\\/www.egemtatilevleri.com\\\/index.php\\\/fethiye-egem-tatil-evleri\\\/\"]}]},{\"@type\":\"ImageObject\",\"inLanguage\":\"tr\",\"@id\":\"https:\\\/\\\/www.egemtatilevleri.com\\\/index.php\\\/fethiye-egem-tatil-evleri\\\/#primaryimage\",\"url\":\"https:\\\/\\\/www.egemtatilevleri.com\\\/wp-content\\\/uploads\\\/2025\\\/10\\\/DJI_0727-scaled.jpg\",\"contentUrl\":\"https:\\\/\\\/www.egemtatilevleri.com\\\/wp-content\\\/uploads\\\/2025\\\/10\\\/DJI_0727-scaled.jpg\",\"width\":2560,\"height\":1440},{\"@type\":\"BreadcrumbList\",\"@id\":\"https:\\\/\\\/www.egemtatilevleri.com\\\/index.php\\\/fethiye-egem-tatil-evleri\\\/#breadcrumb\",\"itemListElement\":[{\"@type\":\"ListItem\",\"position\":1,\"name\":\"Anasayfa\",\"item\":\"https:\\\/\\\/www.egemtatilevleri.com\\\/\"},{\"@type\":\"ListItem\",\"position\":2,\"name\":\"Hakk\u0131m\u0131zda\"}]},{\"@type\":\"WebSite\",\"@id\":\"https:\\\/\\\/www.egemtatilevleri.com\\\/#website\",\"url\":\"https:\\\/\\\/www.egemtatilevleri.com\\\/\",\"name\":\"Egem Tatil Evleri\",\"description\":\"Fethiye'nin \u0130ncisi\",\"publisher\":{\"@id\":\"https:\\\/\\\/www.egemtatilevleri.com\\\/#organization\"},\"potentialAction\":[{\"@type\":\"SearchAction\",\"target\":{\"@type\":\"EntryPoint\",\"urlTemplate\":\"https:\\\/\\\/www.egemtatilevleri.com\\\/?s={search_term_string}\"},\"query-input\":{\"@type\":\"PropertyValueSpecification\",\"valueRequired\":true,\"valueName\":\"search_term_string\"}}],\"inLanguage\":\"tr\"},{\"@type\":\"Organization\",\"@id\":\"https:\\\/\\\/www.egemtatilevleri.com\\\/#organization\",\"name\":\"Egem Tatil Evleri\",\"url\":\"https:\\\/\\\/www.egemtatilevleri.com\\\/\",\"logo\":{\"@type\":\"ImageObject\",\"inLanguage\":\"tr\",\"@id\":\"https:\\\/\\\/www.egemtatilevleri.com\\\/#\\\/schema\\\/logo\\\/image\\\/\",\"url\":\"https:\\\/\\\/www.egemtatilevleri.com\\\/wp-content\\\/uploads\\\/2025\\\/12\\\/449274058_459091390195065_2423446173176242008_n.jpg\",\"contentUrl\":\"https:\\\/\\\/www.egemtatilevleri.com\\\/wp-content\\\/uploads\\\/2025\\\/12\\\/449274058_459091390195065_2423446173176242008_n.jpg\",\"width\":320,\"height\":320,\"caption\":\"Egem Tatil Evleri\"},\"image\":{\"@id\":\"https:\\\/\\\/www.egemtatilevleri.com\\\/#\\\/schema\\\/logo\\\/image\\\/\"},\"sameAs\":[\"https:\\\/\\\/www.instagram.com\\\/egemtatilevleri\\\/\"]}]}<\/script>\n<!-- \/ Yoast SEO plugin. -->","yoast_head_json":{"title":"Hakk\u0131m\u0131zda - Egem Tatil Evleri","description":"Fethiye Egem Tatil Evleri, \u0130nlice\u2019de \u00f6zel havuzlu ve jakuzili l\u00fcks villalar sunar. Balay\u0131 \u00e7iftleri, aileler ve muhafazak\u00e2r tatil isteyen misafirler i\u00e7in tasarlanm\u0131\u015f bu villalarda huzurlu ve konforlu bir tatil ya\u015fayabilirsiniz.","robots":{"index":"index","follow":"follow","max-snippet":"max-snippet:-1","max-image-preview":"max-image-preview:large","max-video-preview":"max-video-preview:-1"},"canonical":"https:\/\/www.egemtatilevleri.com\/index.php\/fethiye-egem-tatil-evleri\/","og_locale":"tr_TR","og_type":"article","og_title":"Hakk\u0131m\u0131zda - Egem Tatil Evleri","og_description":"Fethiye Egem Tatil Evleri, \u0130nlice\u2019de \u00f6zel havuzlu ve jakuzili l\u00fcks villalar sunar. Balay\u0131 \u00e7iftleri, aileler ve muhafazak\u00e2r tatil isteyen misafirler i\u00e7in tasarlanm\u0131\u015f bu villalarda huzurlu ve konforlu bir tatil ya\u015fayabilirsiniz.","og_url":"https:\/\/www.egemtatilevleri.com\/index.php\/fethiye-egem-tatil-evleri\/","og_site_name":"Egem Tatil Evleri","article_modified_time":"2025-12-11T12:44:30+00:00","og_image":[{"width":2560,"height":1440,"url":"https:\/\/www.egemtatilevleri.com\/wp-content\/uploads\/2025\/10\/DJI_0727-scaled.jpg","type":"image\/jpeg"}],"twitter_card":"summary_large_image","twitter_misc":{"Tahmini okuma s\u00fcresi":"2 dakika"},"schema":{"@context":"https:\/\/schema.org","@graph":[{"@type":"WebPage","@id":"https:\/\/www.egemtatilevleri.com\/index.php\/fethiye-egem-tatil-evleri\/","url":"https:\/\/www.egemtatilevleri.com\/index.php\/fethiye-egem-tatil-evleri\/","name":"Hakk\u0131m\u0131zda - Egem Tatil Evleri","isPartOf":{"@id":"https:\/\/www.egemtatilevleri.com\/#website"},"primaryImageOfPage":{"@id":"https:\/\/www.egemtatilevleri.com\/index.php\/fethiye-egem-tatil-evleri\/#primaryimage"},"image":{"@id":"https:\/\/www.egemtatilevleri.com\/index.php\/fethiye-egem-tatil-evleri\/#primaryimage"},"thumbnailUrl":"https:\/\/www.egemtatilevleri.com\/wp-content\/uploads\/2025\/10\/DJI_0727-1024x576.jpg","datePublished":"2025-09-13T15:25:11+00:00","dateModified":"2025-12-11T12:44:30+00:00","description":"Fethiye Egem Tatil Evleri, \u0130nlice\u2019de \u00f6zel havuzlu ve jakuzili l\u00fcks villalar sunar. Balay\u0131 \u00e7iftleri, aileler ve muhafazak\u00e2r tatil isteyen misafirler i\u00e7in tasarlanm\u0131\u015f bu villalarda huzurlu ve konforlu bir tatil ya\u015fayabilirsiniz.","breadcrumb":{"@id":"https:\/\/www.egemtatilevleri.com\/index.php\/fethiye-egem-tatil-evleri\/#breadcrumb"},"inLanguage":"tr","potentialAction":[{"@type":"ReadAction","target":["https:\/\/www.egemtatilevleri.com\/index.php\/fethiye-egem-tatil-evleri\/"]}]},{"@type":"ImageObject","inLanguage":"tr","@id":"https:\/\/www.egemtatilevleri.com\/index.php\/fethiye-egem-tatil-evleri\/#primaryimage","url":"https:\/\/www.egemtatilevleri.com\/wp-content\/uploads\/2025\/10\/DJI_0727-scaled.jpg","contentUrl":"https:\/\/www.egemtatilevleri.com\/wp-content\/uploads\/2025\/10\/DJI_0727-scaled.jpg","width":2560,"height":1440},{"@type":"BreadcrumbList","@id":"https:\/\/www.egemtatilevleri.com\/index.php\/fethiye-egem-tatil-evleri\/#breadcrumb","itemListElement":[{"@type":"ListItem","position":1,"name":"Anasayfa","item":"https:\/\/www.egemtatilevleri.com\/"},{"@type":"ListItem","position":2,"name":"Hakk\u0131m\u0131zda"}]},{"@type":"WebSite","@id":"https:\/\/www.egemtatilevleri.com\/#website","url":"https:\/\/www.egemtatilevleri.com\/","name":"Egem Tatil Evleri","description":"Fethiye'nin \u0130ncisi","publisher":{"@id":"https:\/\/www.egemtatilevleri.com\/#organization"},"potentialAction":[{"@type":"SearchAction","target":{"@type":"EntryPoint","urlTemplate":"https:\/\/www.egemtatilevleri.com\/?s={search_term_string}"},"query-input":{"@type":"PropertyValueSpecification","valueRequired":true,"valueName":"search_term_string"}}],"inLanguage":"tr"},{"@type":"Organization","@id":"https:\/\/www.egemtatilevleri.com\/#organization","name":"Egem Tatil Evleri","url":"https:\/\/www.egemtatilevleri.com\/","logo":{"@type":"ImageObject","inLanguage":"tr","@id":"https:\/\/www.egemtatilevleri.com\/#\/schema\/logo\/image\/","url":"https:\/\/www.egemtatilevleri.com\/wp-content\/uploads\/2025\/12\/449274058_459091390195065_2423446173176242008_n.jpg","contentUrl":"https:\/\/www.egemtatilevleri.com\/wp-content\/uploads\/2025\/12\/449274058_459091390195065_2423446173176242008_n.jpg","width":320,"height":320,"caption":"Egem Tatil Evleri"},"image":{"@id":"https:\/\/www.egemtatilevleri.com\/#\/schema\/logo\/image\/"},"sameAs":["https:\/\/www.instagram.com\/egemtatilevleri\/"]}]}},"_links":{"self":[{"href":"https:\/\/www.egemtatilevleri.com\/index.php\/wp-json\/wp\/v2\/pages\/29","targetHints":{"allow":["GET"]}}],"collection":[{"href":"https:\/\/www.egemtatilevleri.com\/index.php\/wp-json\/wp\/v2\/pages"}],"about":[{"href":"https:\/\/www.egemtatilevleri.com\/index.php\/wp-json\/wp\/v2\/types\/page"}],"author":[{"embeddable":true,"href":"https:\/\/www.egemtatilevleri.com\/index.php\/wp-json\/wp\/v2\/users\/1"}],"replies":[{"embeddable":true,"href":"https:\/\/www.egemtatilevleri.com\/index.php\/wp-json\/wp\/v2\/comments?post=29"}],"version-history":[{"count":12,"href":"https:\/\/www.egemtatilevleri.com\/index.php\/wp-json\/wp\/v2\/pages\/29\/revisions"}],"predecessor-version":[{"id":346,"href":"https:\/\/www.egemtatilevleri.com\/index.php\/wp-json\/wp\/v2\/pages\/29\/revisions\/346"}],"wp:attachment":[{"href":"https:\/\/www.egemtatilevleri.com\/index.php\/wp-json\/wp\/v2\/media?parent=29"}],"curies":[{"name":"wp","href":"https:\/\/api.w.org\/{rel}","templated":true}]}}